{"id":7194,"date":"2020-08-06T22:12:13","date_gmt":"2020-08-06T21:12:13","guid":{"rendered":"https:\/\/www.fuzetapemachines.com\/ponte-en-contacto-con\/"},"modified":"2025-02-10T11:36:43","modified_gmt":"2025-02-10T11:36:43","slug":"ponte-en-contacto-con","status":"publish","type":"page","link":"https:\/\/www.fuzetapemachines.com\/es\/ponte-en-contacto-con\/","title":{"rendered":"Ponte en contacto con"},"content":{"rendered":"<div class=\"fusion-fullwidth fullwidth-box fusion-builder-row-1 fusion-flex-container nonhundred-percent-fullwidth non-hundred-percent-height-scrolling\" style=\"--awb-border-radius-top-left:0px;--awb-border-radius-top-right:0px;--awb-border-radius-bottom-right:0px;--awb-border-radius-bottom-left:0px;--awb-margin-top:0px;--awb-margin-bottom:0px;--awb-flex-wrap:wrap;\" ><div class=\"fusion-builder-row fusion-row fusion-flex-align-items-flex-start fusion-flex-content-wrap\" style=\"max-width:1248px;margin-left: calc(-4% \/ 2 );margin-right: calc(-4% \/ 2 );\"><div class=\"fusion-layout-column fusion_builder_column fusion-builder-column-0 fusion_builder_column_1_2 1_2 fusion-flex-column\" style=\"--awb-bg-size:cover;--awb-width-large:50%;--awb-margin-top-large:0px;--awb-spacing-right-large:3.84%;--awb-margin-bottom-large:0px;--awb-spacing-left-large:3.84%;--awb-width-medium:50%;--awb-order-medium:0;--awb-spacing-right-medium:3.84%;--awb-spacing-left-medium:3.84%;--awb-width-small:100%;--awb-order-small:0;--awb-spacing-right-small:1.92%;--awb-spacing-left-small:1.92%;\"><div class=\"fusion-column-wrapper fusion-column-has-shadow fusion-flex-justify-content-flex-start fusion-content-layout-column\"><div class=\"fusion-image-element \" style=\"text-align:center;--awb-margin-top:0px;--awb-margin-bottom:0px;--awb-max-width:150px;--awb-caption-title-font-family:var(--h2_typography-font-family);--awb-caption-title-font-weight:var(--h2_typography-font-weight);--awb-caption-title-font-style:var(--h2_typography-font-style);--awb-caption-title-size:var(--h2_typography-font-size);--awb-caption-title-transform:var(--h2_typography-text-transform);--awb-caption-title-line-height:var(--h2_typography-line-height);--awb-caption-title-letter-spacing:var(--h2_typography-letter-spacing);\"><span class=\" fusion-imageframe imageframe-none imageframe-1 hover-type-none\"><img decoding=\"async\" width=\"357\" height=\"100\" title=\"Fuze Logo x2\" src=\"https:\/\/www.fuzetapemachines.com\/wp-content\/uploads\/2020\/08\/Fuze-Logo-x2.png\" alt class=\"img-responsive wp-image-6967\" srcset=\"https:\/\/www.fuzetapemachines.com\/wp-content\/uploads\/2020\/08\/Fuze-Logo-x2-200x56.png 200w, https:\/\/www.fuzetapemachines.com\/wp-content\/uploads\/2020\/08\/Fuze-Logo-x2.png 357w\" sizes=\"(max-width: 640px) 100vw, 357px\" \/><\/span><\/div><div class=\"fusion-title title fusion-title-1 fusion-title-text fusion-title-size-three\" style=\"--awb-margin-top:0px;--awb-font-size:28px;\"><div class=\"title-sep-container title-sep-container-left fusion-no-large-visibility fusion-no-medium-visibility fusion-no-small-visibility\"><div class=\"title-sep sep-double sep-solid\" style=\"border-color:#e2e2e2;\"><\/div><\/div><span class=\"awb-title-spacer fusion-no-large-visibility fusion-no-medium-visibility fusion-no-small-visibility\"><\/span><h3 class=\"fusion-title-heading title-heading-left\" style=\"margin:0;text-transform:none;font-size:1em;\"><h3 style=\"text-align: center;\">M\u00e1quinas de aplicaci\u00f3n de cinta suministradas y asistidas en todo el mundo.<\/h3><\/h3><span class=\"awb-title-spacer\"><\/span><div class=\"title-sep-container title-sep-container-right\"><div class=\"title-sep sep-double sep-solid\" style=\"border-color:#e2e2e2;\"><\/div><\/div><\/div><div class=\"fusion-text fusion-text-1\"><p><span style=\"font-family: var(--awb-text-font-family); font-size: var(--awb-font-size); font-style: var(--awb-text-font-style); letter-spacing: var(--awb-letter-spacing); text-align: var(--awb-content-alignment); text-transform: var(--awb-text-transform);\">La sede central de FUZE se encuentra en Coventry (Reino Unido). Suministramos directamente y trabajamos con socios de todo el mundo para ofrecer maquinaria de encintado de alta calidad a nuestros clientes. Rellena el formulario de contacto o utiliza uno de los m\u00e9todos alternativos que aparecen a continuaci\u00f3n, y un representante de FUZE se pondr\u00e1 en contacto contigo para hablar de tus necesidades en maquinaria de aplicaci\u00f3n de cinta.  <\/span><\/p>\n<\/p>\n<div class=\"fusion-fa-align-center\"><i class=\"fb-icon-element-1 fb-icon-element fontawesome-icon fa-envelope fas circle-no\" style=\"--awb-iconcolor:#cb7d2f;--awb-iconcolor-hover:#cb7d2f;--awb-font-size:25px;\"><\/i><\/div>\n<p style=\"text-align: center;\"><a href=\"mailto:sales@fuzetapemachines.com?subject=Fuze%20Tape%20M\u00e1quina%20Consulta\">sales@fuzetapemachines.com<\/a><\/p>\n<\/p>\n<div class=\"fusion-fa-align-center\"><i class=\"fb-icon-element-2 fb-icon-element fontawesome-icon fa-phone-alt fas circle-no\" style=\"--awb-iconcolor:#cb7d2f;--awb-iconcolor-hover:#cb7d2f;--awb-font-size:25px;\"><\/i><\/div>\n<p style=\"text-align: center;\">+44 (0) 121 318 8223 <strong>(Reino Unido\/Global)<\/strong><\/p>\n<p style=\"text-align: center;\">704-557-0275 <strong>(EE.UU.)<\/strong><\/p>\n<\/p>\n<div class=\"fusion-fa-align-center\"><i class=\"fb-icon-element-3 fb-icon-element fontawesome-icon fa-map-marker-alt fas circle-no\" style=\"--awb-iconcolor:#cb7d2f;--awb-iconcolor-hover:#cb7d2f;--awb-font-size:25px;\"><\/i><\/div>\n<p style=\"text-align: center;\"><strong> <\/strong>3 Coventry Innovation Village, Cheetah Road, Coventry, CV1 2LT, Reino Unido<\/p>\n<p style=\"text-align: center;\">\n<\/div><\/div><\/div><div class=\"fusion-layout-column fusion_builder_column fusion-builder-column-1 fusion_builder_column_1_2 1_2 fusion-flex-column\" style=\"--awb-bg-size:cover;--awb-width-large:50%;--awb-margin-top-large:0px;--awb-spacing-right-large:3.84%;--awb-margin-bottom-large:0px;--awb-spacing-left-large:3.84%;--awb-width-medium:50%;--awb-order-medium:0;--awb-spacing-right-medium:3.84%;--awb-spacing-left-medium:3.84%;--awb-width-small:100%;--awb-order-small:0;--awb-spacing-right-small:1.92%;--awb-spacing-left-small:1.92%;\"><div class=\"fusion-column-wrapper fusion-column-has-shadow fusion-flex-justify-content-flex-start fusion-content-layout-column\"><div class=\"fusion-text fusion-text-2 fusion-text-no-margin\" style=\"--awb-font-size:22px;--awb-margin-bottom:35px;\"><p style=\"text-align: center;\"><strong>Rellena el siguiente formulario para ponerte en contacto:<\/strong><\/p>\n<\/div>\n<div class=\"wpcf7 no-js\" id=\"wpcf7-f7226-o1\" lang=\"es-ES\" dir=\"ltr\" data-wpcf7-id=\"7226\">\n<div class=\"screen-reader-response\"><p role=\"status\" aria-live=\"polite\" aria-atomic=\"true\"><\/p> <ul><\/ul><\/div>\n<form action=\"\/es\/wp-json\/wp\/v2\/pages\/7194#wpcf7-f7226-o1\" method=\"post\" class=\"wpcf7-form init\" aria-label=\"Contact form\" enctype=\"multipart\/form-data\" novalidate=\"novalidate\" data-status=\"init\">\n<fieldset class=\"hidden-fields-container\"><input type=\"hidden\" name=\"_wpcf7\" value=\"7226\" \/><input type=\"hidden\" name=\"_wpcf7_version\" value=\"6.1.4\" \/><input type=\"hidden\" name=\"_wpcf7_locale\" value=\"es_ES\" \/><input type=\"hidden\" name=\"_wpcf7_unit_tag\" value=\"wpcf7-f7226-o1\" \/><input type=\"hidden\" name=\"_wpcf7_container_post\" value=\"0\" \/><input type=\"hidden\" name=\"_wpcf7_posted_data_hash\" value=\"\" \/>\n<\/fieldset>\n<p><span class=\"wpcf7-form-control-wrap\" data-name=\"your-name\"><input size=\"40\" maxlength=\"400\" class=\"wpcf7-form-control wpcf7-text wpcf7-validates-as-required\" aria-required=\"true\" aria-invalid=\"false\" placeholder=\"Tu nombre\" value=\"\" type=\"text\" name=\"your-name\" \/><\/span>\n<\/p>\n<p><span class=\"wpcf7-form-control-wrap\" data-name=\"your-email\"><input size=\"40\" maxlength=\"400\" class=\"wpcf7-form-control wpcf7-email wpcf7-validates-as-required wpcf7-text wpcf7-validates-as-email\" aria-required=\"true\" aria-invalid=\"false\" placeholder=\"Tu correo electr\u00f3nico*.\" value=\"\" type=\"email\" name=\"your-email\" \/><\/span>\n<\/p>\n<p><span class=\"wpcf7-form-control-wrap\" data-name=\"Country\"><input size=\"40\" maxlength=\"400\" class=\"wpcf7-form-control wpcf7-text wpcf7-validates-as-required\" aria-required=\"true\" aria-invalid=\"false\" placeholder=\"Tu pa\u00eds\" value=\"\" type=\"text\" name=\"Country\" \/><\/span>\n<\/p>\n<p><span class=\"wpcf7-form-control-wrap\" data-name=\"TelephoneNumber\"><input size=\"40\" maxlength=\"400\" class=\"wpcf7-form-control wpcf7-tel wpcf7-text wpcf7-validates-as-tel\" aria-invalid=\"false\" placeholder=\"Tu n\u00famero de tel\u00e9fono (opcional)\" value=\"\" type=\"tel\" name=\"TelephoneNumber\" \/><\/span>\n<\/p>\n<p><span class=\"wpcf7-form-control-wrap\" data-name=\"your-message\"><textarea cols=\"40\" rows=\"10\" maxlength=\"2000\" class=\"wpcf7-form-control wpcf7-textarea wpcf7-validates-as-required\" aria-required=\"true\" aria-invalid=\"false\" placeholder=\"Tu mensaje*.\" name=\"your-message\"><\/textarea><\/span>\n<\/p>\n<p><label>Sube tu archivo .jpg, .png o .pdf utilizando el cargador que aparece a continuaci\u00f3n (opcional)<br \/>\n<span class=\"wpcf7-form-control-wrap\" data-name=\"file-848\"><input size=\"40\" class=\"wpcf7-form-control wpcf7-file\" accept=\".jpg,.png,.pdf\" aria-invalid=\"false\" type=\"file\" name=\"file-848\" \/><\/span><br \/>\n-<br \/>\n<input class=\"wpcf7-form-control wpcf7-submit has-spinner\" type=\"submit\" value=\"ENVIAR CONSULTA\" \/><\/label>\n<\/p><p style=\"display: none !important;\" class=\"akismet-fields-container\" data-prefix=\"_wpcf7_ak_\"><label>&#916;<textarea name=\"_wpcf7_ak_hp_textarea\" cols=\"45\" rows=\"8\" maxlength=\"100\"><\/textarea><\/label><input type=\"hidden\" id=\"ak_js_1\" name=\"_wpcf7_ak_js\" value=\"195\"\/><script>document.getElementById( \"ak_js_1\" ).setAttribute( \"value\", ( new Date() ).getTime() );<\/script><\/p><div class=\"fusion-alert alert custom alert-custom fusion-alert-center wpcf7-response-output awb-alert-native-link-color alert-dismissable awb-alert-close-boxed\" style=\"--awb-border-size:1px;--awb-border-top-left-radius:0px;--awb-border-top-right-radius:0px;--awb-border-bottom-left-radius:0px;--awb-border-bottom-right-radius:0px;\" role=\"alert\"><div class=\"fusion-alert-content-wrapper\"><span class=\"fusion-alert-content\"><\/span><\/div><button type=\"button\" class=\"close toggle-alert\" data-dismiss=\"alert\" aria-label=\"Close\">&times;<\/button><\/div>\n<\/form>\n<\/div>\n<\/div><\/div><\/div><\/div>\n","protected":false},"excerpt":{"rendered":"","protected":false},"author":2,"featured_media":0,"parent":0,"menu_order":0,"comment_status":"closed","ping_status":"closed","template":"100-width.php","meta":{"footnotes":""},"class_list":["post-7194","page","type-page","status-publish","hentry"],"yoast_head":"<!-- This site is optimized with the Yoast SEO plugin v26.8 - https:\/\/yoast.com\/product\/yoast-seo-wordpress\/ -->\n<title>Ponte en contacto con | Cintadoras FUZE<\/title>\n<meta name=\"description\" content=\"Ponte en contacto con nosotros ahora para hablar de tus necesidades de m\u00e1quinas de aplicaci\u00f3n de cinta. Env\u00edanos un correo electr\u00f3nico a sales@fuzetapemachines.com o ll\u00e1manos al +44 (0) 121 318 8223\" \/>\n<meta name=\"robots\" content=\"index, follow, max-snippet:-1, max-image-preview:large, max-video-preview:-1\" \/>\n<link rel=\"canonical\" href=\"https:\/\/www.fuzetapemachines.com\/es\/ponte-en-contacto-con\/\" \/>\n<meta property=\"og:locale\" content=\"es_ES\" \/>\n<meta property=\"og:type\" content=\"article\" \/>\n<meta property=\"og:title\" content=\"Ponte en contacto con | Cintadoras FUZE\" \/>\n<meta property=\"og:description\" content=\"Ponte en contacto con nosotros ahora para hablar de tus necesidades de m\u00e1quinas de aplicaci\u00f3n de cinta. Env\u00edanos un correo electr\u00f3nico a sales@fuzetapemachines.com o ll\u00e1manos al +44 (0) 121 318 8223\" \/>\n<meta property=\"og:url\" content=\"https:\/\/www.fuzetapemachines.com\/es\/ponte-en-contacto-con\/\" \/>\n<meta property=\"og:site_name\" content=\"Cintadoras FUZE\" \/>\n<meta property=\"article:modified_time\" content=\"2025-02-10T11:36:43+00:00\" \/>\n<meta property=\"og:image\" content=\"https:\/\/www.fuzetapemachines.com\/wp-content\/uploads\/2023\/02\/Site-Image.png\" \/>\n\t<meta property=\"og:image:width\" content=\"1200\" \/>\n\t<meta property=\"og:image:height\" content=\"675\" \/>\n\t<meta property=\"og:image:type\" content=\"image\/png\" \/>\n<meta name=\"twitter:card\" content=\"summary_large_image\" \/>\n<meta name=\"twitter:label1\" content=\"Est. reading time\" \/>\n\t<meta name=\"twitter:data1\" content=\"5 minutos\" \/>\n<script type=\"application\/ld+json\" class=\"yoast-schema-graph\">{\"@context\":\"https:\/\/schema.org\",\"@graph\":[{\"@type\":\"WebPage\",\"@id\":\"https:\/\/www.fuzetapemachines.com\/es\/ponte-en-contacto-con\/\",\"url\":\"https:\/\/www.fuzetapemachines.com\/es\/ponte-en-contacto-con\/\",\"name\":\"Ponte en contacto con | Cintadoras FUZE\",\"isPartOf\":{\"@id\":\"https:\/\/www.fuzetapemachines.com\/es\/#website\"},\"datePublished\":\"2020-08-06T21:12:13+00:00\",\"dateModified\":\"2025-02-10T11:36:43+00:00\",\"description\":\"Ponte en contacto con nosotros ahora para hablar de tus necesidades de m\u00e1quinas de aplicaci\u00f3n de cinta. Env\u00edanos un correo electr\u00f3nico a sales@fuzetapemachines.com o ll\u00e1manos al +44 (0) 121 318 8223\",\"breadcrumb\":{\"@id\":\"https:\/\/www.fuzetapemachines.com\/es\/ponte-en-contacto-con\/#breadcrumb\"},\"inLanguage\":\"es\",\"potentialAction\":[{\"@type\":\"ReadAction\",\"target\":[\"https:\/\/www.fuzetapemachines.com\/es\/ponte-en-contacto-con\/\"]}]},{\"@type\":\"BreadcrumbList\",\"@id\":\"https:\/\/www.fuzetapemachines.com\/es\/ponte-en-contacto-con\/#breadcrumb\",\"itemListElement\":[{\"@type\":\"ListItem\",\"position\":1,\"name\":\"Home\",\"item\":\"https:\/\/www.fuzetapemachines.com\/es\/inicio\/\"},{\"@type\":\"ListItem\",\"position\":2,\"name\":\"Ponte en contacto con\"}]},{\"@type\":\"WebSite\",\"@id\":\"https:\/\/www.fuzetapemachines.com\/es\/#website\",\"url\":\"https:\/\/www.fuzetapemachines.com\/es\/\",\"name\":\"FUZE Tape Machines\",\"description\":\"M\u00e1quinas de aplicaci\u00f3n de cinta l\u00edderes en el mundo\",\"publisher\":{\"@id\":\"https:\/\/www.fuzetapemachines.com\/es\/#organization\"},\"alternateName\":\"FUZE\",\"potentialAction\":[{\"@type\":\"SearchAction\",\"target\":{\"@type\":\"EntryPoint\",\"urlTemplate\":\"https:\/\/www.fuzetapemachines.com\/es\/?s={search_term_string}\"},\"query-input\":{\"@type\":\"PropertyValueSpecification\",\"valueRequired\":true,\"valueName\":\"search_term_string\"}}],\"inLanguage\":\"es\"},{\"@type\":\"Organization\",\"@id\":\"https:\/\/www.fuzetapemachines.com\/es\/#organization\",\"name\":\"FUZE\",\"alternateName\":\"FUZE Tape Machines\",\"url\":\"https:\/\/www.fuzetapemachines.com\/es\/\",\"logo\":{\"@type\":\"ImageObject\",\"inLanguage\":\"es\",\"@id\":\"https:\/\/www.fuzetapemachines.com\/es\/#\/schema\/logo\/image\/\",\"url\":\"https:\/\/www.fuzetapemachines.com\/wp-content\/uploads\/2020\/08\/Fuze-Logo-x2.png\",\"contentUrl\":\"https:\/\/www.fuzetapemachines.com\/wp-content\/uploads\/2020\/08\/Fuze-Logo-x2.png\",\"width\":357,\"height\":100,\"caption\":\"FUZE\"},\"image\":{\"@id\":\"https:\/\/www.fuzetapemachines.com\/es\/#\/schema\/logo\/image\/\"},\"sameAs\":[\"https:\/\/www.linkedin.com\/company\/fuze-tape-machines\/\",\"https:\/\/www.youtube.com\/@fuzetapemachines\",\"https:\/\/www.instagram.com\/fuze_tape_machines\/\"]}]}<\/script>\n<!-- \/ Yoast SEO plugin. -->","yoast_head_json":{"title":"Ponte en contacto con | Cintadoras FUZE","description":"Ponte en contacto con nosotros ahora para hablar de tus necesidades de m\u00e1quinas de aplicaci\u00f3n de cinta. Env\u00edanos un correo electr\u00f3nico a sales@fuzetapemachines.com o ll\u00e1manos al +44 (0) 121 318 8223","robots":{"index":"index","follow":"follow","max-snippet":"max-snippet:-1","max-image-preview":"max-image-preview:large","max-video-preview":"max-video-preview:-1"},"canonical":"https:\/\/www.fuzetapemachines.com\/es\/ponte-en-contacto-con\/","og_locale":"es_ES","og_type":"article","og_title":"Ponte en contacto con | Cintadoras FUZE","og_description":"Ponte en contacto con nosotros ahora para hablar de tus necesidades de m\u00e1quinas de aplicaci\u00f3n de cinta. Env\u00edanos un correo electr\u00f3nico a sales@fuzetapemachines.com o ll\u00e1manos al +44 (0) 121 318 8223","og_url":"https:\/\/www.fuzetapemachines.com\/es\/ponte-en-contacto-con\/","og_site_name":"Cintadoras FUZE","article_modified_time":"2025-02-10T11:36:43+00:00","og_image":[{"width":1200,"height":675,"url":"https:\/\/www.fuzetapemachines.com\/wp-content\/uploads\/2023\/02\/Site-Image.png","type":"image\/png"}],"twitter_card":"summary_large_image","twitter_misc":{"Est. reading time":"5 minutos"},"schema":{"@context":"https:\/\/schema.org","@graph":[{"@type":"WebPage","@id":"https:\/\/www.fuzetapemachines.com\/es\/ponte-en-contacto-con\/","url":"https:\/\/www.fuzetapemachines.com\/es\/ponte-en-contacto-con\/","name":"Ponte en contacto con | Cintadoras FUZE","isPartOf":{"@id":"https:\/\/www.fuzetapemachines.com\/es\/#website"},"datePublished":"2020-08-06T21:12:13+00:00","dateModified":"2025-02-10T11:36:43+00:00","description":"Ponte en contacto con nosotros ahora para hablar de tus necesidades de m\u00e1quinas de aplicaci\u00f3n de cinta. Env\u00edanos un correo electr\u00f3nico a sales@fuzetapemachines.com o ll\u00e1manos al +44 (0) 121 318 8223","breadcrumb":{"@id":"https:\/\/www.fuzetapemachines.com\/es\/ponte-en-contacto-con\/#breadcrumb"},"inLanguage":"es","potentialAction":[{"@type":"ReadAction","target":["https:\/\/www.fuzetapemachines.com\/es\/ponte-en-contacto-con\/"]}]},{"@type":"BreadcrumbList","@id":"https:\/\/www.fuzetapemachines.com\/es\/ponte-en-contacto-con\/#breadcrumb","itemListElement":[{"@type":"ListItem","position":1,"name":"Home","item":"https:\/\/www.fuzetapemachines.com\/es\/inicio\/"},{"@type":"ListItem","position":2,"name":"Ponte en contacto con"}]},{"@type":"WebSite","@id":"https:\/\/www.fuzetapemachines.com\/es\/#website","url":"https:\/\/www.fuzetapemachines.com\/es\/","name":"FUZE Tape Machines","description":"M\u00e1quinas de aplicaci\u00f3n de cinta l\u00edderes en el mundo","publisher":{"@id":"https:\/\/www.fuzetapemachines.com\/es\/#organization"},"alternateName":"FUZE","potentialAction":[{"@type":"SearchAction","target":{"@type":"EntryPoint","urlTemplate":"https:\/\/www.fuzetapemachines.com\/es\/?s={search_term_string}"},"query-input":{"@type":"PropertyValueSpecification","valueRequired":true,"valueName":"search_term_string"}}],"inLanguage":"es"},{"@type":"Organization","@id":"https:\/\/www.fuzetapemachines.com\/es\/#organization","name":"FUZE","alternateName":"FUZE Tape Machines","url":"https:\/\/www.fuzetapemachines.com\/es\/","logo":{"@type":"ImageObject","inLanguage":"es","@id":"https:\/\/www.fuzetapemachines.com\/es\/#\/schema\/logo\/image\/","url":"https:\/\/www.fuzetapemachines.com\/wp-content\/uploads\/2020\/08\/Fuze-Logo-x2.png","contentUrl":"https:\/\/www.fuzetapemachines.com\/wp-content\/uploads\/2020\/08\/Fuze-Logo-x2.png","width":357,"height":100,"caption":"FUZE"},"image":{"@id":"https:\/\/www.fuzetapemachines.com\/es\/#\/schema\/logo\/image\/"},"sameAs":["https:\/\/www.linkedin.com\/company\/fuze-tape-machines\/","https:\/\/www.youtube.com\/@fuzetapemachines","https:\/\/www.instagram.com\/fuze_tape_machines\/"]}]}},"_links":{"self":[{"href":"https:\/\/www.fuzetapemachines.com\/es\/wp-json\/wp\/v2\/pages\/7194","targetHints":{"allow":["GET"]}}],"collection":[{"href":"https:\/\/www.fuzetapemachines.com\/es\/wp-json\/wp\/v2\/pages"}],"about":[{"href":"https:\/\/www.fuzetapemachines.com\/es\/wp-json\/wp\/v2\/types\/page"}],"author":[{"embeddable":true,"href":"https:\/\/www.fuzetapemachines.com\/es\/wp-json\/wp\/v2\/users\/2"}],"replies":[{"embeddable":true,"href":"https:\/\/www.fuzetapemachines.com\/es\/wp-json\/wp\/v2\/comments?post=7194"}],"version-history":[{"count":0,"href":"https:\/\/www.fuzetapemachines.com\/es\/wp-json\/wp\/v2\/pages\/7194\/revisions"}],"wp:attachment":[{"href":"https:\/\/www.fuzetapemachines.com\/es\/wp-json\/wp\/v2\/media?parent=7194"}],"curies":[{"name":"wp","href":"https:\/\/api.w.org\/{rel}","templated":true}]}}