{"id":7198,"date":"2020-08-06T22:11:11","date_gmt":"2020-08-06T21:11:11","guid":{"rendered":"https:\/\/www.fuzetapemachines.com\/ueber-uns\/"},"modified":"2025-02-10T11:36:48","modified_gmt":"2025-02-10T11:36:48","slug":"ueber-uns","status":"publish","type":"page","link":"https:\/\/www.fuzetapemachines.com\/de\/ueber-uns\/","title":{"rendered":"\u00dcber uns"},"content":{"rendered":"<div class=\"fusion-fullwidth fullwidth-box fusion-builder-row-1 fusion-flex-container nonhundred-percent-fullwidth non-hundred-percent-height-scrolling\" style=\"--awb-border-radius-top-left:0px;--awb-border-radius-top-right:0px;--awb-border-radius-bottom-right:0px;--awb-border-radius-bottom-left:0px;--awb-margin-top:-30px;--awb-margin-bottom:-30px;--awb-flex-wrap:wrap;\" ><div class=\"fusion-builder-row fusion-row fusion-flex-align-items-flex-start fusion-flex-content-wrap\" style=\"max-width:1248px;margin-left: calc(-4% \/ 2 );margin-right: calc(-4% \/ 2 );\"><div class=\"fusion-layout-column fusion_builder_column fusion-builder-column-0 fusion_builder_column_1_1 1_1 fusion-flex-column\" style=\"--awb-bg-size:cover;--awb-width-large:100%;--awb-margin-top-large:-30px;--awb-spacing-right-large:1.92%;--awb-margin-bottom-large:20px;--awb-spacing-left-large:1.92%;--awb-width-medium:100%;--awb-order-medium:0;--awb-spacing-right-medium:1.92%;--awb-spacing-left-medium:1.92%;--awb-width-small:100%;--awb-order-small:0;--awb-spacing-right-small:1.92%;--awb-spacing-left-small:1.92%;\"><div class=\"fusion-column-wrapper fusion-column-has-shadow fusion-flex-justify-content-flex-start fusion-content-layout-column\"><div class=\"fusion-text fusion-text-1\" style=\"--awb-font-size:24px;--awb-text-font-family:&quot;Saira&quot;;--awb-text-font-style:normal;--awb-text-font-weight:300;\"><h5><strong>FUZE\u2122<\/strong> (JJS Application Technologies Ltd)<\/h5>\n<\/div><\/div><\/div><div class=\"fusion-layout-column fusion_builder_column fusion-builder-column-1 fusion_builder_column_1_1 1_1 fusion-flex-column\" style=\"--awb-bg-size:cover;--awb-width-large:100%;--awb-margin-top-large:0px;--awb-spacing-right-large:1.92%;--awb-margin-bottom-large:20px;--awb-spacing-left-large:1.92%;--awb-width-medium:100%;--awb-order-medium:0;--awb-spacing-right-medium:1.92%;--awb-spacing-left-medium:1.92%;--awb-width-small:100%;--awb-order-small:0;--awb-spacing-right-small:1.92%;--awb-spacing-left-small:1.92%;\"><div class=\"fusion-column-wrapper fusion-column-has-shadow fusion-flex-justify-content-flex-start fusion-content-layout-column\"><div class=\"fusion-text fusion-text-2\"><p>FUZE\u2122 (JJS Application Technologies Ltd) wurde 2013 von seinen Gr\u00fcndern gegr\u00fcndet, die \u00fcber 45 Jahre Erfahrung in der Klebeband- und Converting-Industrie haben. Als europ\u00e4ischer Hersteller widmen wir uns der Entwicklung und Herstellung der besten Klebebandapplikationsmaschinen, wobei wir den Schwerpunkt auf Qualit\u00e4t, Zuverl\u00e4ssigkeit und Benutzerfreundlichkeit legen. <\/p>\n<p>Im Jahr 2021 brachten wir unser neues Sortiment an halbautomatischen Klebebandapplikationsmaschinen auf den Markt, die schnell von Kunden in aller Welt angenommen wurden. Wir waren der erste Hersteller in unserer Branche, der einzigartige Funktionen wie unser digitales Bandladesystem &#8218;EZ:Load&#8216; und unsere &#8218;EZ:Launch&#8216;-Technologie f\u00fcr die pr\u00e4zise Platzierung von Klebeb\u00e4ndern auf dicken und d\u00fcnnen Materialien entwickelt und eingef\u00fchrt hat. <\/p>\n<p>Alle FUZE\u2122 Maschinen sind vollelektrisch (keine Druckluft erforderlich), wodurch die Wartung von Luftleitungen, Magnetventilen oder Luftkompressoren entf\u00e4llt. Dank dieser einzigartigen Konstruktion sind unsere Maschinen extrem wartungsarm, und die laufenden Kosten sind minimal. Wir sind bestrebt, unseren Kunden einen kontinuierlichen Service zu bieten. Deshalb verf\u00fcgen alle FUZE\u2122 Maschinen standardm\u00e4\u00dfig \u00fcber eine integrierte Fernwartungsfunktion.  <\/p>\n<\/div><div class=\"fusion-image-element \" style=\"text-align:center;--awb-margin-top:20px;--awb-max-width:900px;--awb-caption-title-font-family:var(--h2_typography-font-family);--awb-caption-title-font-weight:var(--h2_typography-font-weight);--awb-caption-title-font-style:var(--h2_typography-font-style);--awb-caption-title-size:var(--h2_typography-font-size);--awb-caption-title-transform:var(--h2_typography-text-transform);--awb-caption-title-line-height:var(--h2_typography-line-height);--awb-caption-title-letter-spacing:var(--h2_typography-letter-spacing);\"><span class=\" fusion-imageframe imageframe-none imageframe-1 hover-type-none\"><img decoding=\"async\" width=\"1250\" height=\"440\" title=\"FUZE JJS Banner\" src=\"https:\/\/www.fuzetapemachines.com\/wp-content\/uploads\/2022\/04\/FUZE-JJS-Banner.png\" alt class=\"img-responsive wp-image-7129\" srcset=\"https:\/\/www.fuzetapemachines.com\/wp-content\/uploads\/2022\/04\/FUZE-JJS-Banner-200x70.png 200w, https:\/\/www.fuzetapemachines.com\/wp-content\/uploads\/2022\/04\/FUZE-JJS-Banner-400x141.png 400w, https:\/\/www.fuzetapemachines.com\/wp-content\/uploads\/2022\/04\/FUZE-JJS-Banner-600x211.png 600w, https:\/\/www.fuzetapemachines.com\/wp-content\/uploads\/2022\/04\/FUZE-JJS-Banner-800x282.png 800w, https:\/\/www.fuzetapemachines.com\/wp-content\/uploads\/2022\/04\/FUZE-JJS-Banner-1200x422.png 1200w, https:\/\/www.fuzetapemachines.com\/wp-content\/uploads\/2022\/04\/FUZE-JJS-Banner.png 1250w\" sizes=\"(max-width: 640px) 100vw, 1200px\" \/><\/span><\/div><\/div><\/div><\/div><\/div>\n","protected":false},"excerpt":{"rendered":"","protected":false},"author":2,"featured_media":0,"parent":0,"menu_order":0,"comment_status":"closed","ping_status":"closed","template":"","meta":{"footnotes":""},"class_list":["post-7198","page","type-page","status-publish","hentry"],"yoast_head":"<!-- This site is optimized with the Yoast SEO plugin v26.8 - https:\/\/yoast.com\/product\/yoast-seo-wordpress\/ -->\n<title>\u00dcber uns | FUZE Klebebandmaschinen<\/title>\n<meta name=\"description\" content=\"FUZE\u2122 hat es sich zur Aufgabe gemacht, die besten Klebebandapplikationsger\u00e4te zu entwickeln und zu produzieren, wobei der Schwerpunkt auf Qualit\u00e4t, Zuverl\u00e4ssigkeit und Benutzerfreundlichkeit liegt.\" \/>\n<meta name=\"robots\" content=\"index, follow, max-snippet:-1, max-image-preview:large, max-video-preview:-1\" \/>\n<link rel=\"canonical\" href=\"https:\/\/www.fuzetapemachines.com\/de\/ueber-uns\/\" \/>\n<meta property=\"og:locale\" content=\"de_DE\" \/>\n<meta property=\"og:type\" content=\"article\" \/>\n<meta property=\"og:title\" content=\"\u00dcber uns | FUZE Klebebandmaschinen\" \/>\n<meta property=\"og:description\" content=\"FUZE\u2122 hat es sich zur Aufgabe gemacht, die besten Klebebandapplikationsger\u00e4te zu entwickeln und zu produzieren, wobei der Schwerpunkt auf Qualit\u00e4t, Zuverl\u00e4ssigkeit und Benutzerfreundlichkeit liegt.\" \/>\n<meta property=\"og:url\" content=\"https:\/\/www.fuzetapemachines.com\/de\/ueber-uns\/\" \/>\n<meta property=\"og:site_name\" content=\"FUZE Klebebandmaschinen\" \/>\n<meta property=\"article:modified_time\" content=\"2025-02-10T11:36:48+00:00\" \/>\n<meta property=\"og:image\" content=\"https:\/\/www.fuzetapemachines.com\/wp-content\/uploads\/2023\/02\/Site-Image.png\" \/>\n\t<meta property=\"og:image:width\" content=\"1200\" \/>\n\t<meta property=\"og:image:height\" content=\"675\" \/>\n\t<meta property=\"og:image:type\" content=\"image\/png\" \/>\n<meta name=\"twitter:card\" content=\"summary_large_image\" \/>\n<meta name=\"twitter:label1\" content=\"Est. reading time\" \/>\n\t<meta name=\"twitter:data1\" content=\"4\u00a0Minuten\" \/>\n<script type=\"application\/ld+json\" class=\"yoast-schema-graph\">{\"@context\":\"https:\/\/schema.org\",\"@graph\":[{\"@type\":\"WebPage\",\"@id\":\"https:\/\/www.fuzetapemachines.com\/de\/ueber-uns\/\",\"url\":\"https:\/\/www.fuzetapemachines.com\/de\/ueber-uns\/\",\"name\":\"\u00dcber uns | FUZE Klebebandmaschinen\",\"isPartOf\":{\"@id\":\"https:\/\/www.fuzetapemachines.com\/de\/#website\"},\"datePublished\":\"2020-08-06T21:11:11+00:00\",\"dateModified\":\"2025-02-10T11:36:48+00:00\",\"description\":\"FUZE\u2122 hat es sich zur Aufgabe gemacht, die besten Klebebandapplikationsger\u00e4te zu entwickeln und zu produzieren, wobei der Schwerpunkt auf Qualit\u00e4t, Zuverl\u00e4ssigkeit und Benutzerfreundlichkeit liegt.\",\"breadcrumb\":{\"@id\":\"https:\/\/www.fuzetapemachines.com\/de\/ueber-uns\/#breadcrumb\"},\"inLanguage\":\"de\",\"potentialAction\":[{\"@type\":\"ReadAction\",\"target\":[\"https:\/\/www.fuzetapemachines.com\/de\/ueber-uns\/\"]}]},{\"@type\":\"BreadcrumbList\",\"@id\":\"https:\/\/www.fuzetapemachines.com\/de\/ueber-uns\/#breadcrumb\",\"itemListElement\":[{\"@type\":\"ListItem\",\"position\":1,\"name\":\"Home\",\"item\":\"https:\/\/www.fuzetapemachines.com\/de\/?page_id=7210\"},{\"@type\":\"ListItem\",\"position\":2,\"name\":\"\u00dcber uns\"}]},{\"@type\":\"WebSite\",\"@id\":\"https:\/\/www.fuzetapemachines.com\/de\/#website\",\"url\":\"https:\/\/www.fuzetapemachines.com\/de\/\",\"name\":\"FUZE Tape Machines\",\"description\":\"Weltweit f\u00fchrende Bandapplikationsmaschinen\",\"publisher\":{\"@id\":\"https:\/\/www.fuzetapemachines.com\/de\/#organization\"},\"alternateName\":\"FUZE\",\"potentialAction\":[{\"@type\":\"SearchAction\",\"target\":{\"@type\":\"EntryPoint\",\"urlTemplate\":\"https:\/\/www.fuzetapemachines.com\/de\/?s={search_term_string}\"},\"query-input\":{\"@type\":\"PropertyValueSpecification\",\"valueRequired\":true,\"valueName\":\"search_term_string\"}}],\"inLanguage\":\"de\"},{\"@type\":\"Organization\",\"@id\":\"https:\/\/www.fuzetapemachines.com\/de\/#organization\",\"name\":\"FUZE\",\"alternateName\":\"FUZE Tape Machines\",\"url\":\"https:\/\/www.fuzetapemachines.com\/de\/\",\"logo\":{\"@type\":\"ImageObject\",\"inLanguage\":\"de\",\"@id\":\"https:\/\/www.fuzetapemachines.com\/de\/#\/schema\/logo\/image\/\",\"url\":\"https:\/\/www.fuzetapemachines.com\/wp-content\/uploads\/2020\/08\/Fuze-Logo-x2.png\",\"contentUrl\":\"https:\/\/www.fuzetapemachines.com\/wp-content\/uploads\/2020\/08\/Fuze-Logo-x2.png\",\"width\":357,\"height\":100,\"caption\":\"FUZE\"},\"image\":{\"@id\":\"https:\/\/www.fuzetapemachines.com\/de\/#\/schema\/logo\/image\/\"},\"sameAs\":[\"https:\/\/www.linkedin.com\/company\/fuze-tape-machines\/\",\"https:\/\/www.youtube.com\/@fuzetapemachines\",\"https:\/\/www.instagram.com\/fuze_tape_machines\/\"]}]}<\/script>\n<!-- \/ Yoast SEO plugin. -->","yoast_head_json":{"title":"\u00dcber uns | FUZE Klebebandmaschinen","description":"FUZE\u2122 hat es sich zur Aufgabe gemacht, die besten Klebebandapplikationsger\u00e4te zu entwickeln und zu produzieren, wobei der Schwerpunkt auf Qualit\u00e4t, Zuverl\u00e4ssigkeit und Benutzerfreundlichkeit liegt.","robots":{"index":"index","follow":"follow","max-snippet":"max-snippet:-1","max-image-preview":"max-image-preview:large","max-video-preview":"max-video-preview:-1"},"canonical":"https:\/\/www.fuzetapemachines.com\/de\/ueber-uns\/","og_locale":"de_DE","og_type":"article","og_title":"\u00dcber uns | FUZE Klebebandmaschinen","og_description":"FUZE\u2122 hat es sich zur Aufgabe gemacht, die besten Klebebandapplikationsger\u00e4te zu entwickeln und zu produzieren, wobei der Schwerpunkt auf Qualit\u00e4t, Zuverl\u00e4ssigkeit und Benutzerfreundlichkeit liegt.","og_url":"https:\/\/www.fuzetapemachines.com\/de\/ueber-uns\/","og_site_name":"FUZE Klebebandmaschinen","article_modified_time":"2025-02-10T11:36:48+00:00","og_image":[{"width":1200,"height":675,"url":"https:\/\/www.fuzetapemachines.com\/wp-content\/uploads\/2023\/02\/Site-Image.png","type":"image\/png"}],"twitter_card":"summary_large_image","twitter_misc":{"Est. reading time":"4\u00a0Minuten"},"schema":{"@context":"https:\/\/schema.org","@graph":[{"@type":"WebPage","@id":"https:\/\/www.fuzetapemachines.com\/de\/ueber-uns\/","url":"https:\/\/www.fuzetapemachines.com\/de\/ueber-uns\/","name":"\u00dcber uns | FUZE Klebebandmaschinen","isPartOf":{"@id":"https:\/\/www.fuzetapemachines.com\/de\/#website"},"datePublished":"2020-08-06T21:11:11+00:00","dateModified":"2025-02-10T11:36:48+00:00","description":"FUZE\u2122 hat es sich zur Aufgabe gemacht, die besten Klebebandapplikationsger\u00e4te zu entwickeln und zu produzieren, wobei der Schwerpunkt auf Qualit\u00e4t, Zuverl\u00e4ssigkeit und Benutzerfreundlichkeit liegt.","breadcrumb":{"@id":"https:\/\/www.fuzetapemachines.com\/de\/ueber-uns\/#breadcrumb"},"inLanguage":"de","potentialAction":[{"@type":"ReadAction","target":["https:\/\/www.fuzetapemachines.com\/de\/ueber-uns\/"]}]},{"@type":"BreadcrumbList","@id":"https:\/\/www.fuzetapemachines.com\/de\/ueber-uns\/#breadcrumb","itemListElement":[{"@type":"ListItem","position":1,"name":"Home","item":"https:\/\/www.fuzetapemachines.com\/de\/?page_id=7210"},{"@type":"ListItem","position":2,"name":"\u00dcber uns"}]},{"@type":"WebSite","@id":"https:\/\/www.fuzetapemachines.com\/de\/#website","url":"https:\/\/www.fuzetapemachines.com\/de\/","name":"FUZE Tape Machines","description":"Weltweit f\u00fchrende Bandapplikationsmaschinen","publisher":{"@id":"https:\/\/www.fuzetapemachines.com\/de\/#organization"},"alternateName":"FUZE","potentialAction":[{"@type":"SearchAction","target":{"@type":"EntryPoint","urlTemplate":"https:\/\/www.fuzetapemachines.com\/de\/?s={search_term_string}"},"query-input":{"@type":"PropertyValueSpecification","valueRequired":true,"valueName":"search_term_string"}}],"inLanguage":"de"},{"@type":"Organization","@id":"https:\/\/www.fuzetapemachines.com\/de\/#organization","name":"FUZE","alternateName":"FUZE Tape Machines","url":"https:\/\/www.fuzetapemachines.com\/de\/","logo":{"@type":"ImageObject","inLanguage":"de","@id":"https:\/\/www.fuzetapemachines.com\/de\/#\/schema\/logo\/image\/","url":"https:\/\/www.fuzetapemachines.com\/wp-content\/uploads\/2020\/08\/Fuze-Logo-x2.png","contentUrl":"https:\/\/www.fuzetapemachines.com\/wp-content\/uploads\/2020\/08\/Fuze-Logo-x2.png","width":357,"height":100,"caption":"FUZE"},"image":{"@id":"https:\/\/www.fuzetapemachines.com\/de\/#\/schema\/logo\/image\/"},"sameAs":["https:\/\/www.linkedin.com\/company\/fuze-tape-machines\/","https:\/\/www.youtube.com\/@fuzetapemachines","https:\/\/www.instagram.com\/fuze_tape_machines\/"]}]}},"_links":{"self":[{"href":"https:\/\/www.fuzetapemachines.com\/de\/wp-json\/wp\/v2\/pages\/7198","targetHints":{"allow":["GET"]}}],"collection":[{"href":"https:\/\/www.fuzetapemachines.com\/de\/wp-json\/wp\/v2\/pages"}],"about":[{"href":"https:\/\/www.fuzetapemachines.com\/de\/wp-json\/wp\/v2\/types\/page"}],"author":[{"embeddable":true,"href":"https:\/\/www.fuzetapemachines.com\/de\/wp-json\/wp\/v2\/users\/2"}],"replies":[{"embeddable":true,"href":"https:\/\/www.fuzetapemachines.com\/de\/wp-json\/wp\/v2\/comments?post=7198"}],"version-history":[{"count":0,"href":"https:\/\/www.fuzetapemachines.com\/de\/wp-json\/wp\/v2\/pages\/7198\/revisions"}],"wp:attachment":[{"href":"https:\/\/www.fuzetapemachines.com\/de\/wp-json\/wp\/v2\/media?parent=7198"}],"curies":[{"name":"wp","href":"https:\/\/api.w.org\/{rel}","templated":true}]}}